{"id":752,"date":"2023-11-20T05:30:06","date_gmt":"2023-11-20T05:30:06","guid":{"rendered":"https:\/\/www.puuharit.fi\/?page_id=752"},"modified":"2025-02-12T14:32:26","modified_gmt":"2025-02-12T14:32:26","slug":"muut-palvelut","status":"publish","type":"page","link":"https:\/\/www.puuharit.fi\/?page_id=752","title":{"rendered":"Pienmuutot"},"content":{"rendered":"\n<p><strong>Muutto edess\u00e4? Me teemme siit\u00e4 helppoa!<\/strong><\/p>\n\n\n\n<p>Meid\u00e4n pienmuuttopalvelumme on suunniteltu tekem\u00e4\u00e4n muutostasi stressit\u00f6n ja sujuva kokemus. Olipa kyseess\u00e4 yksi\u00f6, kaksio tai pieni toimisto, hoidamme kaiken puolestasi ammattitaidolla ja huolellisuudella.<\/p>\n\n\n\n<p>Yrityksell\u00e4mme on k\u00e4yt\u00f6ss\u00e4 kaksi omaa Renault Trafic -merkkist\u00e4 pakettiautoa ja kaksi per\u00e4k\u00e4rry\u00e4. K\u00e4yt\u00e4mme kalustoamme pienmuutoissa ja muissa kuljetusta vaativissa esim. piha- ja siivoust\u00f6iss\u00e4. Kuskin ja kuljetuskaluston lis\u00e4ksi kauttamme on saatavissa muuttoihin my\u00f6s pakkaus-, kanto- ja purkuapua.<\/p>\n\n\n\n<p>Ota yhteytt\u00e4 ja anna meid\u00e4n auttaa sinua muuttamaan uuteen kotiin vaivattomasti!<\/p>\n\n\n\n<figure class=\"wp-block-image size-full\"><img fetchpriority=\"high\" decoding=\"async\" width=\"450\" height=\"450\" src=\"https:\/\/www.puuharit.fi\/wp-content\/uploads\/2025\/02\/Renault-Trafic-in-white_muokattu4.jpg\" alt=\"\" class=\"wp-image-1191\" srcset=\"https:\/\/www.puuharit.fi\/wp-content\/uploads\/2025\/02\/Renault-Trafic-in-white_muokattu4.jpg 450w, https:\/\/www.puuharit.fi\/wp-content\/uploads\/2025\/02\/Renault-Trafic-in-white_muokattu4-300x300.jpg 300w, https:\/\/www.puuharit.fi\/wp-content\/uploads\/2025\/02\/Renault-Trafic-in-white_muokattu4-150x150.jpg 150w\" sizes=\"(max-width: 450px) 100vw, 450px\" \/><\/figure>\n","protected":false},"excerpt":{"rendered":"<p>Muutto edess\u00e4? Me teemme siit\u00e4 helppoa! Meid\u00e4n pienmuuttopalvelumme on suunniteltu tekem\u00e4\u00e4n muutostasi stressit\u00f6n ja sujuva kokemus. Olipa kyseess\u00e4 yksi\u00f6, kaksio tai pieni toimisto, hoidamme kaiken puolestasi ammattitaidolla ja huolellisuudella. Yrityksell\u00e4mme on k\u00e4yt\u00f6ss\u00e4 kaksi omaa Renault Trafic -merkkist\u00e4 pakettiautoa ja kaksi per\u00e4k\u00e4rry\u00e4. K\u00e4yt\u00e4mme kalustoamme pienmuutoissa ja muissa kuljetusta vaativissa esim. piha- ja siivoust\u00f6iss\u00e4. Kuskin ja kuljetuskaluston [&hellip;]<\/p>\n","protected":false},"author":1,"featured_media":0,"parent":0,"menu_order":0,"comment_status":"closed","ping_status":"closed","template":"","meta":{"footnotes":""},"class_list":["post-752","page","type-page","status-publish","hentry"],"_links":{"self":[{"href":"https:\/\/www.puuharit.fi\/index.php?rest_route=\/wp\/v2\/pages\/752","targetHints":{"allow":["GET"]}}],"collection":[{"href":"https:\/\/www.puuharit.fi\/index.php?rest_route=\/wp\/v2\/pages"}],"about":[{"href":"https:\/\/www.puuharit.fi\/index.php?rest_route=\/wp\/v2\/types\/page"}],"author":[{"embeddable":true,"href":"https:\/\/www.puuharit.fi\/index.php?rest_route=\/wp\/v2\/users\/1"}],"replies":[{"embeddable":true,"href":"https:\/\/www.puuharit.fi\/index.php?rest_route=%2Fwp%2Fv2%2Fcomments&post=752"}],"version-history":[{"count":7,"href":"https:\/\/www.puuharit.fi\/index.php?rest_route=\/wp\/v2\/pages\/752\/revisions"}],"predecessor-version":[{"id":1205,"href":"https:\/\/www.puuharit.fi\/index.php?rest_route=\/wp\/v2\/pages\/752\/revisions\/1205"}],"wp:attachment":[{"href":"https:\/\/www.puuharit.fi\/index.php?rest_route=%2Fwp%2Fv2%2Fmedia&parent=752"}],"curies":[{"name":"wp","href":"https:\/\/api.w.org\/{rel}","templated":true}]}}