{"id":643,"date":"2023-09-12T09:34:31","date_gmt":"2023-09-12T09:34:31","guid":{"rendered":"https:\/\/www.puuharit.fi\/?page_id=643"},"modified":"2024-09-17T12:45:41","modified_gmt":"2024-09-17T12:45:41","slug":"tule-meille-toihin-2","status":"publish","type":"page","link":"https:\/\/www.puuharit.fi\/?page_id=643","title":{"rendered":"Meille t\u00f6ihin"},"content":{"rendered":"\n<p id=\"wnd_TextBlock_53845986_inner_1\"><strong>Osuuskunta Kotkan Puuharit hakee uusia ty\u00f6ntekij\u00f6it\u00e4<\/strong><\/p>\n\n\n\n<p id=\"wnd_TextBlock_53845986_inner_2\">Osuuskunta Kotkan Puuharit\u00a0 on monialainen ty\u00f6osuuskunta, joka tarjoaa ty\u00f6mahdollisuuksia ja palveluita eri alojen ammattilaisille. Osuuskunnassa voit my\u00f6s verkostoitua muiden j\u00e4senten kanssa ja osallistua yhteisiin projekteihin ja tapahtumiin.<\/p>\n\n\n\n<p id=\"wnd_TextBlock_53845986_inner_3\">Osuuskunta Puuharit etsii uusia j\u00e4seni\u00e4 \/ ty\u00f6ntekij\u00f6it\u00e4, jotka ovat<\/p>\n\n\n\n<ul id=\"wnd_TextBlock_53845986_inner_4\" class=\"wp-block-list\">\n<li>innostuneita ja motivoituneita tekem\u00e4\u00e4n ty\u00f6t\u00e4 omalla alallaan<\/li>\n\n\n\n<li>valmiita kehitt\u00e4m\u00e4\u00e4n omaa osaamistaan ja jakamaan sit\u00e4 muille<\/li>\n\n\n\n<li>halukkaita osallistumaan osuuskunnan toimintaan ja p\u00e4\u00e4t\u00f6ksentekoon<\/li>\n<\/ul>\n\n\n\n<p id=\"wnd_TextBlock_53845986_inner_5\">Jos kiinnostuit osuuskunnastamme, ota yhteytt\u00e4 s\u00e4hk\u00f6postitse tai puhelimitse. Kerro meille lyhyesti itsest\u00e4si, osaamisestasi ja ty\u00f6kokemuksestasi. L\u00e4het\u00e4mme sinulle lis\u00e4tietoja osuuskuntamme j\u00e4senyydest\u00e4 ja hakuprosessista.<\/p>\n\n\n\n<p id=\"wnd_TextBlock_53845986_inner_6\">\u00a0S\u00e4hk\u00f6posti: toimisto@puuharit.fi Puhelin: 045 349 1947<\/p>\n","protected":false},"excerpt":{"rendered":"<p>Osuuskunta Kotkan Puuharit hakee uusia ty\u00f6ntekij\u00f6it\u00e4 Osuuskunta Kotkan Puuharit\u00a0 on monialainen ty\u00f6osuuskunta, joka tarjoaa ty\u00f6mahdollisuuksia ja palveluita eri alojen ammattilaisille. Osuuskunnassa voit my\u00f6s verkostoitua muiden j\u00e4senten kanssa ja osallistua yhteisiin projekteihin ja tapahtumiin. Osuuskunta Puuharit etsii uusia j\u00e4seni\u00e4 \/ ty\u00f6ntekij\u00f6it\u00e4, jotka ovat Jos kiinnostuit osuuskunnastamme, ota yhteytt\u00e4 s\u00e4hk\u00f6postitse tai puhelimitse. Kerro meille lyhyesti itsest\u00e4si, osaamisestasi [&hellip;]<\/p>\n","protected":false},"author":1,"featured_media":0,"parent":0,"menu_order":0,"comment_status":"closed","ping_status":"closed","template":"template\/template-page-full-width.php","meta":{"footnotes":""},"class_list":["post-643","page","type-page","status-publish","hentry"],"_links":{"self":[{"href":"https:\/\/www.puuharit.fi\/index.php?rest_route=\/wp\/v2\/pages\/643","targetHints":{"allow":["GET"]}}],"collection":[{"href":"https:\/\/www.puuharit.fi\/index.php?rest_route=\/wp\/v2\/pages"}],"about":[{"href":"https:\/\/www.puuharit.fi\/index.php?rest_route=\/wp\/v2\/types\/page"}],"author":[{"embeddable":true,"href":"https:\/\/www.puuharit.fi\/index.php?rest_route=\/wp\/v2\/users\/1"}],"replies":[{"embeddable":true,"href":"https:\/\/www.puuharit.fi\/index.php?rest_route=%2Fwp%2Fv2%2Fcomments&post=643"}],"version-history":[{"count":5,"href":"https:\/\/www.puuharit.fi\/index.php?rest_route=\/wp\/v2\/pages\/643\/revisions"}],"predecessor-version":[{"id":1163,"href":"https:\/\/www.puuharit.fi\/index.php?rest_route=\/wp\/v2\/pages\/643\/revisions\/1163"}],"wp:attachment":[{"href":"https:\/\/www.puuharit.fi\/index.php?rest_route=%2Fwp%2Fv2%2Fmedia&parent=643"}],"curies":[{"name":"wp","href":"https:\/\/api.w.org\/{rel}","templated":true}]}}