{"id":380,"date":"2023-08-30T04:32:33","date_gmt":"2023-08-30T04:32:33","guid":{"rendered":"https:\/\/www.puuharit.fi\/?page_id=380"},"modified":"2025-02-12T13:50:05","modified_gmt":"2025-02-12T13:50:05","slug":"pihatyot","status":"publish","type":"page","link":"https:\/\/www.puuharit.fi\/?page_id=380","title":{"rendered":"Pihaty\u00f6t"},"content":{"rendered":"<p id=\"wnd_TextBlock_944339494_inner_1\" class=\"\" data-wnd_is_separable=\"1\" data-wnd_separable_index=\"1\" data-wnd_separable_id=\"wnd_TextBlock_944339494\"><strong>Pihaty\u00f6t<\/strong><\/p>\n<p id=\"wnd_TextBlock_944339494_inner_2\" data-wnd_is_separable=\"1\" data-wnd_separable_index=\"2\" data-wnd_separable_id=\"wnd_TextBlock_944339494\">Haluatko kauniin ja toimivan pihan? Meilt\u00e4 saat laadukasta apua pihan kunnostukseen, viihtyisyyteen ja yll\u00e4pitoon. Tarjoamme monia palveluita, kuten:<\/p>\n<ul id=\"wnd_TextBlock_944339494_inner_3\" data-wnd_is_separable=\"1\" data-wnd_separable_index=\"3\" data-wnd_separable_id=\"wnd_TextBlock_944339494\">\n<li>Nurmikonleikkuu, pensasaita, kivetys ja muut pihatarvikkeiden asennukset<\/li>\n<li>Pihakalusteiden ja koristeiden asennus ja huolto<\/li>\n<li>Pihan siivous, haravointi, lumity\u00f6t ja roskien poisto<\/li>\n<\/ul>\n<p id=\"wnd_TextBlock_944339494_inner_5\" data-wnd_is_separable=\"1\" data-wnd_separable_index=\"5\" data-wnd_separable_id=\"wnd_TextBlock_944339494\">Muista my\u00f6s, ett\u00e4 voit saada kotitalousv\u00e4hennyst\u00e4, kun ostat palveluja kotiisi tai vapaa-ajan asunnollesi.<\/p>\n\n\n<figure class=\"wp-block-image size-full\"><img fetchpriority=\"high\" decoding=\"async\" width=\"450\" height=\"293\" src=\"https:\/\/www.puuharit.fi\/wp-content\/uploads\/2025\/02\/haravointi_1.jpg\" alt=\"\" class=\"wp-image-1195\" srcset=\"https:\/\/www.puuharit.fi\/wp-content\/uploads\/2025\/02\/haravointi_1.jpg 450w, https:\/\/www.puuharit.fi\/wp-content\/uploads\/2025\/02\/haravointi_1-300x195.jpg 300w\" sizes=\"(max-width: 450px) 100vw, 450px\" \/><\/figure>\n","protected":false},"excerpt":{"rendered":"<p>Pihaty\u00f6t Haluatko kauniin ja toimivan pihan? Meilt\u00e4 saat laadukasta apua pihan kunnostukseen, viihtyisyyteen ja yll\u00e4pitoon. Tarjoamme monia palveluita, kuten: Nurmikonleikkuu, pensasaita, kivetys ja muut pihatarvikkeiden asennukset Pihakalusteiden ja koristeiden asennus ja huolto Pihan siivous, haravointi, lumity\u00f6t ja roskien poisto Muista my\u00f6s, ett\u00e4 voit saada kotitalousv\u00e4hennyst\u00e4, kun ostat palveluja kotiisi tai vapaa-ajan asunnollesi.<\/p>\n","protected":false},"author":1,"featured_media":0,"parent":0,"menu_order":0,"comment_status":"closed","ping_status":"closed","template":"","meta":{"footnotes":""},"class_list":["post-380","page","type-page","status-publish","hentry"],"_links":{"self":[{"href":"https:\/\/www.puuharit.fi\/index.php?rest_route=\/wp\/v2\/pages\/380","targetHints":{"allow":["GET"]}}],"collection":[{"href":"https:\/\/www.puuharit.fi\/index.php?rest_route=\/wp\/v2\/pages"}],"about":[{"href":"https:\/\/www.puuharit.fi\/index.php?rest_route=\/wp\/v2\/types\/page"}],"author":[{"embeddable":true,"href":"https:\/\/www.puuharit.fi\/index.php?rest_route=\/wp\/v2\/users\/1"}],"replies":[{"embeddable":true,"href":"https:\/\/www.puuharit.fi\/index.php?rest_route=%2Fwp%2Fv2%2Fcomments&post=380"}],"version-history":[{"count":66,"href":"https:\/\/www.puuharit.fi\/index.php?rest_route=\/wp\/v2\/pages\/380\/revisions"}],"predecessor-version":[{"id":1196,"href":"https:\/\/www.puuharit.fi\/index.php?rest_route=\/wp\/v2\/pages\/380\/revisions\/1196"}],"wp:attachment":[{"href":"https:\/\/www.puuharit.fi\/index.php?rest_route=%2Fwp%2Fv2%2Fmedia&parent=380"}],"curies":[{"name":"wp","href":"https:\/\/api.w.org\/{rel}","templated":true}]}}