{"id":377,"date":"2023-08-30T04:29:54","date_gmt":"2023-08-30T04:29:54","guid":{"rendered":"https:\/\/www.puuharit.fi\/?page_id=377"},"modified":"2025-02-12T14:31:19","modified_gmt":"2025-02-12T14:31:19","slug":"yrityksen-aputoiminimet","status":"publish","type":"page","link":"https:\/\/www.puuharit.fi\/?page_id=377","title":{"rendered":"Palvelut"},"content":{"rendered":"\n<p><strong>Miksi valita meid\u00e4t?<\/strong><\/p>\n\n\n\n<p><strong>Monipuolisuus<br><\/strong>Tarjoamme laajan valikoiman palveluita kodin siivouksesta pieniin remontteihin, pihat\u00f6ihin ja pienmuuttoihin. Meilt\u00e4 saat kaiken tarvittavan yhdest\u00e4 paikasta.<\/p>\n\n\n\n<p><strong>Luotettavuus<br><\/strong>Pid\u00e4mme huolta pihastasi, kodistasi ja tavaroistasi kuin omistamme. Voit luottaa siihen, ett\u00e4 ty\u00f6mme j\u00e4lki on aina ensiluokkaista ja huolellista.<\/p>\n\n\n\n<p><strong>Ihmisl\u00e4heisyys<br><\/strong>Olemme monen alan konkareita, joilla on vahva perinne ihmisten auttamisessa ja sosiaalisessa toiminnassa. Kohtaamme jokaisen asiakkaan yksil\u00f6llisesti ja l\u00e4mpim\u00e4sti.<\/p>\n\n\n\n<p><strong>Kiireett\u00f6myys<br><\/strong>Kuuntelemme tarpeitasi ja kohtaamme asiakkaamme l\u00e4mm\u00f6ll\u00e4. Meille on t\u00e4rke\u00e4\u00e4, ett\u00e4 palvelumme on kiireet\u00f6nt\u00e4 ja l\u00e4sn\u00e4olevaa, jotta voimme tarjota parhaan mahdollisen asiakaskokemuksen.<\/p>\n","protected":false},"excerpt":{"rendered":"<p>Miksi valita meid\u00e4t? MonipuolisuusTarjoamme laajan valikoiman palveluita kodin siivouksesta pieniin remontteihin, pihat\u00f6ihin ja pienmuuttoihin. Meilt\u00e4 saat kaiken tarvittavan yhdest\u00e4 paikasta. LuotettavuusPid\u00e4mme huolta pihastasi, kodistasi ja tavaroistasi kuin omistamme. Voit luottaa siihen, ett\u00e4 ty\u00f6mme j\u00e4lki on aina ensiluokkaista ja huolellista. Ihmisl\u00e4heisyysOlemme monen alan konkareita, joilla on vahva perinne ihmisten auttamisessa ja sosiaalisessa toiminnassa. Kohtaamme jokaisen asiakkaan [&hellip;]<\/p>\n","protected":false},"author":1,"featured_media":0,"parent":0,"menu_order":0,"comment_status":"closed","ping_status":"closed","template":"","meta":{"footnotes":""},"class_list":["post-377","page","type-page","status-publish","hentry"],"_links":{"self":[{"href":"https:\/\/www.puuharit.fi\/index.php?rest_route=\/wp\/v2\/pages\/377","targetHints":{"allow":["GET"]}}],"collection":[{"href":"https:\/\/www.puuharit.fi\/index.php?rest_route=\/wp\/v2\/pages"}],"about":[{"href":"https:\/\/www.puuharit.fi\/index.php?rest_route=\/wp\/v2\/types\/page"}],"author":[{"embeddable":true,"href":"https:\/\/www.puuharit.fi\/index.php?rest_route=\/wp\/v2\/users\/1"}],"replies":[{"embeddable":true,"href":"https:\/\/www.puuharit.fi\/index.php?rest_route=%2Fwp%2Fv2%2Fcomments&post=377"}],"version-history":[{"count":5,"href":"https:\/\/www.puuharit.fi\/index.php?rest_route=\/wp\/v2\/pages\/377\/revisions"}],"predecessor-version":[{"id":1204,"href":"https:\/\/www.puuharit.fi\/index.php?rest_route=\/wp\/v2\/pages\/377\/revisions\/1204"}],"wp:attachment":[{"href":"https:\/\/www.puuharit.fi\/index.php?rest_route=%2Fwp%2Fv2%2Fmedia&parent=377"}],"curies":[{"name":"wp","href":"https:\/\/api.w.org\/{rel}","templated":true}]}}