{"id":1210,"date":"2025-12-08T10:02:17","date_gmt":"2025-12-08T10:02:17","guid":{"rendered":"https:\/\/www.puuharit.fi\/?page_id=1210"},"modified":"2025-12-08T10:08:11","modified_gmt":"2025-12-08T10:08:11","slug":"lahjakortit","status":"publish","type":"page","link":"https:\/\/www.puuharit.fi\/?page_id=1210","title":{"rendered":"Lahjakortit"},"content":{"rendered":"\n<p><strong>Lahjakortti \u2013 l\u00e4mmin tapa ilahduttaa l\u00e4heist\u00e4si<\/strong><\/p>\n\n\n\n<p>Haluaisitko muistaa t\u00e4rke\u00e4\u00e4 ihmist\u00e4 tai tarjota arpajaispalkinnon hyv\u00e4\u00e4n tarkoitukseen?<br>Lahjakorttimme on helppo ja ajatuksellinen tapa tuoda iloa.<\/p>\n\n\n\n<hr class=\"wp-block-separator has-alpha-channel-opacity\"\/>\n\n\n\n<figure class=\"wp-block-image size-large is-resized\"><img fetchpriority=\"high\" decoding=\"async\" width=\"1278\" height=\"719\" src=\"https:\/\/www.puuharit.fi\/wp-content\/uploads\/2025\/12\/Lahjakortit-edited.jpg\" alt=\"\" class=\"wp-image-1214\" style=\"width:605px;height:auto\" srcset=\"https:\/\/www.puuharit.fi\/wp-content\/uploads\/2025\/12\/Lahjakortit-edited.jpg 1278w, https:\/\/www.puuharit.fi\/wp-content\/uploads\/2025\/12\/Lahjakortit-edited-300x169.jpg 300w, https:\/\/www.puuharit.fi\/wp-content\/uploads\/2025\/12\/Lahjakortit-edited-1024x576.jpg 1024w, https:\/\/www.puuharit.fi\/wp-content\/uploads\/2025\/12\/Lahjakortit-edited-768x432.jpg 768w\" sizes=\"(max-width: 1278px) 100vw, 1278px\" \/><\/figure>\n\n\n\n<p><strong>N\u00e4in hankit lahjakortin<\/strong><\/p>\n\n\n\n<ol start=\"1\" class=\"wp-block-list\">\n<li><strong>Keskustele lahjan saajan kanssa<\/strong> ja varmista, ett\u00e4 h\u00e4n haluaa vastaanottaa lahjakortin.<br>T\u00e4m\u00e4 on t\u00e4rke\u00e4\u00e4, koska h\u00e4nen tietonsa tallentuvat asiakasrekisteriimme.<\/li>\n\n\n\n<li><strong>Ota meihin yhteytt\u00e4<\/strong> puh. 045 7838 4081 ja kerro, ett\u00e4 haluat ostaa lahjakortin.<\/li>\n\n\n\n<li>Ilmoita:<br>\u2013 <strong>Kenelle lahjakortti tulee<\/strong><br>\u2013 <strong>Mink\u00e4 summan haluat lahjoittaa<\/strong><br>\u2013 <strong>Kenen tiedoilla lasku muodostetaan<\/strong><br>Laskutustietoja k\u00e4ytet\u00e4\u00e4n vain laskutukseen, ei markkinointiin.<br>Sovimme samalla, toimitetaanko lahjakortti sinulle vai suoraan lahjan saajalle.<\/li>\n\n\n\n<li>Kun lasku on maksettu, <strong>lahjakortti aktivoituu<\/strong> ja on voimassa <strong>1,5 vuotta<\/strong> ostohetkest\u00e4.<\/li>\n<\/ol>\n\n\n\n<hr class=\"wp-block-separator has-alpha-channel-opacity\"\/>\n\n\n\n<p><strong>Jos lahjakortin saajan tiedot eiv\u00e4t ole viel\u00e4 tiedossa<\/strong><\/p>\n\n\n\n<p>Tallennamme toistaiseksi <strong>sinun tietosi<\/strong>, muodostamme laskun sinulle ja toimitamme lahjakortin.<br>Kun lahjan saaja my\u00f6hemmin ottaa yhteytt\u00e4, ker\u00e4\u00e4mme h\u00e4nen tietonsa ja jatkamme palvelua normaalisti.<\/p>\n\n\n\n<hr class=\"wp-block-separator has-alpha-channel-opacity\"\/>\n","protected":false},"excerpt":{"rendered":"<p>Lahjakortti \u2013 l\u00e4mmin tapa ilahduttaa l\u00e4heist\u00e4si Haluaisitko muistaa t\u00e4rke\u00e4\u00e4 ihmist\u00e4 tai tarjota arpajaispalkinnon hyv\u00e4\u00e4n tarkoitukseen?Lahjakorttimme on helppo ja ajatuksellinen tapa tuoda iloa. N\u00e4in hankit lahjakortin Jos lahjakortin saajan tiedot eiv\u00e4t ole viel\u00e4 tiedossa Tallennamme toistaiseksi sinun tietosi, muodostamme laskun sinulle ja toimitamme lahjakortin.Kun lahjan saaja my\u00f6hemmin ottaa yhteytt\u00e4, ker\u00e4\u00e4mme h\u00e4nen tietonsa ja jatkamme palvelua normaalisti.<\/p>\n","protected":false},"author":1,"featured_media":0,"parent":0,"menu_order":0,"comment_status":"closed","ping_status":"closed","template":"","meta":{"footnotes":""},"class_list":["post-1210","page","type-page","status-publish","hentry"],"_links":{"self":[{"href":"https:\/\/www.puuharit.fi\/index.php?rest_route=\/wp\/v2\/pages\/1210","targetHints":{"allow":["GET"]}}],"collection":[{"href":"https:\/\/www.puuharit.fi\/index.php?rest_route=\/wp\/v2\/pages"}],"about":[{"href":"https:\/\/www.puuharit.fi\/index.php?rest_route=\/wp\/v2\/types\/page"}],"author":[{"embeddable":true,"href":"https:\/\/www.puuharit.fi\/index.php?rest_route=\/wp\/v2\/users\/1"}],"replies":[{"embeddable":true,"href":"https:\/\/www.puuharit.fi\/index.php?rest_route=%2Fwp%2Fv2%2Fcomments&post=1210"}],"version-history":[{"count":2,"href":"https:\/\/www.puuharit.fi\/index.php?rest_route=\/wp\/v2\/pages\/1210\/revisions"}],"predecessor-version":[{"id":1215,"href":"https:\/\/www.puuharit.fi\/index.php?rest_route=\/wp\/v2\/pages\/1210\/revisions\/1215"}],"wp:attachment":[{"href":"https:\/\/www.puuharit.fi\/index.php?rest_route=%2Fwp%2Fv2%2Fmedia&parent=1210"}],"curies":[{"name":"wp","href":"https:\/\/api.w.org\/{rel}","templated":true}]}}